{"id":7,"date":"2013-09-04T12:56:28","date_gmt":"2013-09-04T12:56:28","guid":{"rendered":"http:\/\/cnmmassage.se\/?page_id=7"},"modified":"2015-05-19T07:58:28","modified_gmt":"2015-05-19T07:58:28","slug":"om-cnm","status":"publish","type":"page","link":"https:\/\/cnmmassage.se\/?page_id=7","title":{"rendered":"Om CNM"},"content":{"rendered":"<h3>Historik<\/h3>\n<p><img data-recalc-dims=\"1\" loading=\"lazy\" decoding=\"async\" class=\" wp-image-44 alignright\" src=\"https:\/\/i0.wp.com\/cnmmassage.se\/wp-content\/uploads\/2013\/09\/Historik-216x300.jpg?resize=173%2C240\" alt=\"Historik\" width=\"173\" height=\"240\" srcset=\"https:\/\/i0.wp.com\/cnmmassage.se\/wp-content\/uploads\/2013\/09\/Historik.jpg?resize=216%2C300&amp;ssl=1 216w, https:\/\/i0.wp.com\/cnmmassage.se\/wp-content\/uploads\/2013\/09\/Historik.jpg?resize=39%2C55&amp;ssl=1 39w, https:\/\/i0.wp.com\/cnmmassage.se\/wp-content\/uploads\/2013\/09\/Historik.jpg?w=221&amp;ssl=1 221w\" sizes=\"auto, (max-width: 173px) 100vw, 173px\" \/><\/p>\n<p>CNM \u2013 Cirkulations- och nervbane-massage &#8211; utvecklades av Maj-Lis Skarp i b\u00f6rjan av nittiotalet. Kerstin Svensson, damen till\u00a0v\u00e4nster, \u00e4r idag fri fr\u00e5n fibromyalgi som anses vara obotligt och arbetar sj\u00e4lv som CNM terapeut. En behandling har omedelbara effekter p\u00e5 kroppens cirkulationssystem \u2013 blod och lymfa. Med fl\u00f6desstimulans f\u00f6ljer avgiftning, utrensning och avslappning och d\u00e4rmed en allm\u00e4n f\u00f6rb\u00e4ttring av kroppsligt v\u00e4lbefinnande. Regelbundna behandlingar kan medverka till tidig uppt\u00e4ckt av h\u00e4lsoproblem och d\u00e4rmed till\u00e4mpas i f\u00f6rebyggande friskv\u00e5rdsarbete. Massagen \u00e4r synnerligen l\u00e4mplig att anv\u00e4ndas i rehabiliteringssyfte av allehanda kroniska tillst\u00e5nd.<\/p>\n<h3>CNM massagens verkan<\/h3>\n<p>Massagen har l\u00e5nat tydliga drag av grundtankarna som till\u00e4mpas i Reflexologi \u2013 att \u00f6ppna upp fl\u00f6det till och fr\u00e5n ett stasat omr\u00e5de. Behandlingsg\u00e5ngen f\u00f6ljer metodiskt en grundl\u00e4ggande strategi att identifiera och \u00f6ppna upp de omr\u00e5den som p\u00e5 grund av kroppens kompensationsstr\u00e4vanden, upptr\u00e4der som cirkulationssp\u00e4rrar. D\u00e4refter \u00e5tertar v\u00e4vnaden sin ursprungliga struktur och normala funktion. Massagen \u00e4r effektiv i sin verkan, men kan heller inte f\u00f6rhindra att klienten \u00e5ter hamnar i h\u00e4lsoproblem.<\/p>\n<h3>F\u00f6rst\u00e4rkningsmetoder<\/h3>\n<p>CNM metoden har under \u00e5rens lopp integrerat det b\u00e4sta av olika terapier som Reflexologi\/Zonterapi, Akupressur, Kroppsbalansering, kost och n\u00e4ringsl\u00e4ra och inte minst TFT \u2013 Tankef\u00e4ltstr\u00e4ning. CNM metoden som holistisk terapiform, bejakar till fullo sambanden mellan mentala och fysiska reaktioner och de individuella tolkningar som kan ge upphov till obalanser.<\/p>\n<p>&nbsp;<\/p>\n<p>&nbsp;<\/p>\n","protected":false},"excerpt":{"rendered":"<p>Historik CNM \u2013 Cirkulations- och nervbane-massage &#8211; utvecklades av Maj-Lis Skarp i b\u00f6rjan av nittiotalet. Kerstin Svensson, damen till\u00a0v\u00e4nster, \u00e4r idag fri fr\u00e5n fibromyalgi som anses vara obotligt och arbetar [&hellip;]<\/p>\n","protected":false},"author":1,"featured_media":0,"parent":0,"menu_order":0,"comment_status":"open","ping_status":"open","template":"","meta":{"jetpack_post_was_ever_published":false,"footnotes":""},"class_list":["post-7","page","type-page","status-publish","hentry"],"jetpack_sharing_enabled":true,"jetpack_shortlink":"https:\/\/wp.me\/P3SE73-7","_links":{"self":[{"href":"https:\/\/cnmmassage.se\/index.php?rest_route=\/wp\/v2\/pages\/7","targetHints":{"allow":["GET"]}}],"collection":[{"href":"https:\/\/cnmmassage.se\/index.php?rest_route=\/wp\/v2\/pages"}],"about":[{"href":"https:\/\/cnmmassage.se\/index.php?rest_route=\/wp\/v2\/types\/page"}],"author":[{"embeddable":true,"href":"https:\/\/cnmmassage.se\/index.php?rest_route=\/wp\/v2\/users\/1"}],"replies":[{"embeddable":true,"href":"https:\/\/cnmmassage.se\/index.php?rest_route=%2Fwp%2Fv2%2Fcomments&post=7"}],"version-history":[{"count":8,"href":"https:\/\/cnmmassage.se\/index.php?rest_route=\/wp\/v2\/pages\/7\/revisions"}],"predecessor-version":[{"id":142,"href":"https:\/\/cnmmassage.se\/index.php?rest_route=\/wp\/v2\/pages\/7\/revisions\/142"}],"wp:attachment":[{"href":"https:\/\/cnmmassage.se\/index.php?rest_route=%2Fwp%2Fv2%2Fmedia&parent=7"}],"curies":[{"name":"wp","href":"https:\/\/api.w.org\/{rel}","templated":true}]}}