{"id":4391,"date":"2022-12-12T16:50:37","date_gmt":"2022-12-12T16:50:37","guid":{"rendered":"https:\/\/cnmmassage.se\/?page_id=4391"},"modified":"2022-12-12T16:50:43","modified_gmt":"2022-12-12T16:50:43","slug":"intresseanmalan","status":"publish","type":"page","link":"https:\/\/cnmmassage.se\/?page_id=4391","title":{"rendered":"Intresseanm\u00e4lan"},"content":{"rendered":"\n<div class=\"wp-block-contact-form-7-contact-form-selector\">\n<div class=\"wpcf7 no-js\" id=\"wpcf7-f4390-o1\" lang=\"en-US\" dir=\"ltr\" data-wpcf7-id=\"4390\">\n<div class=\"screen-reader-response\"><p role=\"status\" aria-live=\"polite\" aria-atomic=\"true\"><\/p> <ul><\/ul><\/div>\n<form action=\"\/index.php?rest_route=%2Fwp%2Fv2%2Fpages%2F4391#wpcf7-f4390-o1\" method=\"post\" class=\"wpcf7-form init\" aria-label=\"Contact form\" novalidate=\"novalidate\" data-status=\"init\">\n<fieldset class=\"hidden-fields-container\"><input type=\"hidden\" name=\"_wpcf7\" value=\"4390\" \/><input type=\"hidden\" name=\"_wpcf7_version\" value=\"6.1.5\" \/><input type=\"hidden\" name=\"_wpcf7_locale\" value=\"en_US\" \/><input type=\"hidden\" name=\"_wpcf7_unit_tag\" value=\"wpcf7-f4390-o1\" \/><input type=\"hidden\" name=\"_wpcf7_container_post\" value=\"0\" \/><input type=\"hidden\" name=\"_wpcf7_posted_data_hash\" value=\"\" \/>\n<\/fieldset>\n<p>Ditt namn\n<\/p>\n<p><span class=\"wpcf7-form-control-wrap\" data-name=\"your-name\"><input size=\"40\" maxlength=\"400\" class=\"wpcf7-form-control wpcf7-text wpcf7-validates-as-required\" aria-required=\"true\" aria-invalid=\"false\" value=\"\" type=\"text\" name=\"your-name\" \/><\/span>\n<\/p>\n<p>Din epost\n<\/p>\n<p><span class=\"wpcf7-form-control-wrap\" data-name=\"your-email\"><input size=\"40\" maxlength=\"400\" class=\"wpcf7-form-control wpcf7-email wpcf7-validates-as-required wpcf7-text wpcf7-validates-as-email\" aria-required=\"true\" aria-invalid=\"false\" value=\"\" type=\"email\" name=\"your-email\" \/><\/span>\n<\/p>\n<p>Din adress\n<\/p>\n<p><span class=\"wpcf7-form-control-wrap\" data-name=\"text-794\"><input size=\"40\" maxlength=\"400\" class=\"wpcf7-form-control wpcf7-text wpcf7-validates-as-required\" id=\"Adress\" aria-required=\"true\" aria-invalid=\"false\" value=\"\" type=\"text\" name=\"text-794\" \/><\/span>\n<\/p>\n<p>Postnummer och Ort\n<\/p>\n<p><span class=\"wpcf7-form-control-wrap\" data-name=\"text-791\"><input size=\"40\" maxlength=\"400\" class=\"wpcf7-form-control wpcf7-text wpcf7-validates-as-required\" id=\"Postadress\" aria-required=\"true\" aria-invalid=\"false\" value=\"\" type=\"text\" name=\"text-791\" \/><\/span>\n<\/p>\n<p>Telefonnummer\n<\/p>\n<p><span class=\"wpcf7-form-control-wrap\" data-name=\"tel-697\"><input size=\"20\" maxlength=\"25\" class=\"wpcf7-form-control wpcf7-tel wpcf7-validates-as-required wpcf7-text wpcf7-validates-as-tel\" aria-required=\"true\" aria-invalid=\"false\" value=\"\" type=\"tel\" name=\"tel-697\" \/><\/span>\n<\/p>\n<p>Jag \u00e4r intresserad av att g\u00e5 f\u00f6ljande kurs\/kurser:\n<\/p>\n<p><span class=\"wpcf7-form-control-wrap\" data-name=\"textarea-524\"><textarea cols=\"40\" rows=\"10\" maxlength=\"2000\" class=\"wpcf7-form-control wpcf7-textarea\" aria-invalid=\"false\" name=\"textarea-524\"><\/textarea><\/span>\n<\/p>\n<p><strong>Kursbest\u00e4mmelser (OBS L\u00c4S)<\/strong><br \/>\n\u00c5ngerr\u00e4tt f\u00f6r konsumenter<br \/>\nVi f\u00f6ljer Konsumentverkets krav och lagen om distansavtal f\u00f6r privatpersoner. N\u00e4r vi \u00e4r \u00f6verens om att du ska starta en kurs s\u00e5 har r\u00e4tt att fr\u00e5ntr\u00e4da detta avtal utan att ange n\u00e5got sk\u00e4l inom 14 dagar fr\u00e5n kursbekr\u00e4ftelsens datum. \u00c5ngerfristen l\u00f6per ut 14 dagar efter dag 1. Vill du ut\u00f6va \u00e5ngerr\u00e4tten ska du skicka oss ett klart och tydligt meddelande om ditt beslut att fr\u00e5ntr\u00e4da avtalet. Detta g\u00f6rs enklast via epost. F\u00f6r att du ska hinna ut\u00f6va din \u00e5ngerr\u00e4tt i tid r\u00e4cker det med att du s\u00e4nder in ditt meddelande om att du t\u00e4nker ut\u00f6va \u00e5ngerr\u00e4tten innan \u00e5ngerfristen g\u00e5tt ut. Om du fr\u00e5ntr\u00e4der detta avtal kommer vi att betala tillbaka alla betalningar \u2028vi f\u00e5tt fr\u00e5n dig. \u00c5terbetalningen kommer att ske utan on\u00f6digt dr\u00f6jsm\u00e5l och i vilket fall som helst senast 14 dagar fr\u00e5n och med den dag d\u00e5 vi underr\u00e4ttades om ditt beslut att fr\u00e5ntr\u00e4da avtalet. Vi kommer att anv\u00e4nda samma betalningsmedel f\u00f6r \u00e5terbetalningen som du sj\u00e4lv har anv\u00e4nt f\u00f6r den inledande aff\u00e4rsh\u00e4ndelsen, om du inte uttryckligen kommit \u00f6verens med oss \u2028om n\u00e5got annat. I vilket fall som helst kommer \u00e5terbetalningen inte att kosta\u2028 dig n\u00e5got. Efter 14 dagar \u00e4r din anm\u00e4lan bindande och hela kurskostnaden ska erl\u00e4ggas. Detta g\u00e4ller \u00e4ven om du sj\u00e4lv v\u00e4ljer att\u00a0inte fullf\u00f6lja hela kursen.<br \/>\n\u00c5ngerr\u00e4tten faller bort om du, under \u00e5ngerfristen, samtycker till att kursen p\u00e5b\u00f6rjas. Detta sker om du till exempel kommer in p\u00e5 en reservplats d\u00e4r kursstart \u00e4r n\u00e4rmare \u00e4n 14 dagar fr\u00e5n anm\u00e4lan.<br \/>\nVid sjukdom och f\u00f6rhinder fr\u00e5n din sida g\u00f6r vi alltid v\u00e5rt b\u00e4sta f\u00f6r att l\u00f6sa det s\u00e5 att du kan fullf\u00f6lja kursen\u00a0vid ett senare tillf\u00e4lle. Om vi inte skriftligen kommer \u00f6verens om n\u00e5got annat s\u00e5 begr\u00e4nsas denna m\u00f6jlighet till 12 m\u00e5nader efter din f\u00f6rsta kursstart. Alla kurser har en tidsbegr\u00e4nsning. Om du inte \u00e4r klar med din kurs inom den begr\u00e4nsningen s\u00e5 kan vi efter skriftlig \u00f6verenskommelse f\u00f6rl\u00e4nga tiden till avslut. Om ingen s\u00e5dan \u00f6verenskommelse g\u00f6rs s\u00e5 anses utbildningen vara avslutad och kan inte \u00e5terupptas igen vid ett senare tillf\u00e4lle.<br \/>\nDu \u00e4r skyldig att sj\u00e4lv se \u00f6ver sina f\u00f6rs\u00e4kringar s\u00e5 att dessa \u00e4r g\u00e4llande f\u00f6r terapeutiskt arbete med klienter. Vi tar inget\u00a0ansvar f\u00f6r eventuella olycksh\u00e4ndelser som kan intr\u00e4ffa under eller efter studietiden. Vi f\u00f6rbeh\u00e5ller oss r\u00e4tten att st\u00e4lla in kurser vid f\u00f6r l\u00e5gt deltagarantal. Inga kostnader utg\u00e5r d\u00e5 f\u00f6r dig.\n<\/p>\n<p><span class=\"wpcf7-form-control-wrap\" data-name=\"checkbox-102\"><span class=\"wpcf7-form-control wpcf7-checkbox wpcf7-validates-as-required\"><span class=\"wpcf7-list-item first last\"><label><input type=\"checkbox\" name=\"checkbox-102[]\" value=\"Jag godk\u00e4nner ovanst\u00e5ende villkor och medger att mina uppgifter lagras.\" \/><span class=\"wpcf7-list-item-label\">Jag godk\u00e4nner ovanst\u00e5ende villkor och medger att mina uppgifter lagras.<\/span><\/label><\/span><\/span><\/span>\n<\/p>\n<p><span class=\"wpcf7-form-control-wrap kc_captcha\" data-name=\"kc_captcha\"><span class=\"wpcf7-form-control wpcf7-radio\"><span class=\"captcha-image\" ><span class=\"cf7ic_instructions\">Please prove you are human by selecting the<span> flag<\/span>.<\/span><label><input aria-label=\"1\" type=\"radio\" name=\"kc_captcha\" value=\"bot\" \/><svg aria-hidden=\"true\" role=\"img\" xmlns=\"http:\/\/www.w3.org\/2000\/svg\" viewBox=\"0 0 576 512\"><path fill=\"currentColor\" d=\"M415 24c-53 0-103 42-127 65-24-23-74-65-127-65C70 24 16 77 16 166c0 72 67 133 69 135l187 181c9 8 23 8 32 0l187-180c2-3 69-64 69-136 0-89-54-142-145-142z\"\/><\/svg><\/label><label><input aria-label=\"2\" type=\"radio\" name=\"kc_captcha\" value=\"bot\" \/><svg aria-hidden=\"true\" role=\"img\" xmlns=\"http:\/\/www.w3.org\/2000\/svg\" viewBox=\"0 0 640 512\"><path fill=\"currentColor\" d=\"M192 384h192c53 0 96-43 96-96h32a128 128 0 000-256H120c-13 0-24 11-24 24v232c0 53 43 96 96 96zM512 96a64 64 0 010 128h-32V96h32zm48 384H48c-47 0-61-64-36-64h584c25 0 11 64-36 64z\"\/><\/svg><\/label><label><input aria-label=\"3\" type=\"radio\" name=\"kc_captcha\" value=\"kc_human\" \/><svg aria-hidden=\"true\" role=\"img\" xmlns=\"http:\/\/www.w3.org\/2000\/svg\" viewBox=\"0 0 512 512\"><path fill=\"currentColor\" d=\"M350 99c-54 0-98-35-166-35-25 0-47 4-68 12a56 56 0 004-24C118 24 95 1 66 0a56 56 0 00-34 102v386c0 13 11 24 24 24h16c13 0 24-11 24-24v-94c28-12 64-23 114-23 54 0 98 35 166 35 48 0 86-16 122-41 9-6 14-15 14-26V96c0-23-24-39-45-29-35 16-77 32-117 32z\"\/><\/svg><\/label>\r\n    <\/span>\r\n    <span style=\"display:none\">\r\n        <input type=\"text\" name=\"kc_honeypot\">\r\n    <\/span><\/span><\/span>\n<\/p>\n<p><input class=\"wpcf7-form-control wpcf7-submit has-spinner\" type=\"submit\" value=\"Skicka\" \/>\n<\/p><p style=\"display: none !important;\" class=\"akismet-fields-container\" data-prefix=\"_wpcf7_ak_\"><label>&#916;<textarea name=\"_wpcf7_ak_hp_textarea\" cols=\"45\" rows=\"8\" maxlength=\"100\"><\/textarea><\/label><input type=\"hidden\" id=\"ak_js_1\" name=\"_wpcf7_ak_js\" value=\"48\"\/><script>document.getElementById( \"ak_js_1\" ).setAttribute( \"value\", ( new Date() ).getTime() );<\/script><\/p><div class=\"wpcf7-response-output\" aria-hidden=\"true\"><\/div>\n<\/form>\n<\/div>\n<\/div>\n","protected":false},"excerpt":{"rendered":"","protected":false},"author":1,"featured_media":0,"parent":0,"menu_order":0,"comment_status":"closed","ping_status":"closed","template":"","meta":{"jetpack_post_was_ever_published":false,"footnotes":""},"class_list":["post-4391","page","type-page","status-publish","hentry"],"jetpack_sharing_enabled":true,"jetpack_shortlink":"https:\/\/wp.me\/P3SE73-18P","_links":{"self":[{"href":"https:\/\/cnmmassage.se\/index.php?rest_route=\/wp\/v2\/pages\/4391","targetHints":{"allow":["GET"]}}],"collection":[{"href":"https:\/\/cnmmassage.se\/index.php?rest_route=\/wp\/v2\/pages"}],"about":[{"href":"https:\/\/cnmmassage.se\/index.php?rest_route=\/wp\/v2\/types\/page"}],"author":[{"embeddable":true,"href":"https:\/\/cnmmassage.se\/index.php?rest_route=\/wp\/v2\/users\/1"}],"replies":[{"embeddable":true,"href":"https:\/\/cnmmassage.se\/index.php?rest_route=%2Fwp%2Fv2%2Fcomments&post=4391"}],"version-history":[{"count":1,"href":"https:\/\/cnmmassage.se\/index.php?rest_route=\/wp\/v2\/pages\/4391\/revisions"}],"predecessor-version":[{"id":4392,"href":"https:\/\/cnmmassage.se\/index.php?rest_route=\/wp\/v2\/pages\/4391\/revisions\/4392"}],"wp:attachment":[{"href":"https:\/\/cnmmassage.se\/index.php?rest_route=%2Fwp%2Fv2%2Fmedia&parent=4391"}],"curies":[{"name":"wp","href":"https:\/\/api.w.org\/{rel}","templated":true}]}}