{"id":12,"date":"2013-09-04T13:00:12","date_gmt":"2013-09-04T13:00:12","guid":{"rendered":"http:\/\/cnmmassage.se\/?page_id=12"},"modified":"2025-01-06T09:43:58","modified_gmt":"2025-01-06T09:43:58","slug":"behandlingar","status":"publish","type":"page","link":"https:\/\/cnmmassage.se\/?page_id=12","title":{"rendered":"Behandlingar"},"content":{"rendered":"<h3>CNM massage<\/h3>\n<p><strong><em>Cirkulations- och nervbanemassage \u00e4r en mycket kraftfull behandling, vars verkan kan sammanfattas i f\u00f6ljande punkter:<\/em><\/strong><\/p>\n<p><strong>\u00d6ppnar upp cirkulationssp\u00e4rrar<\/strong><\/p>\n<p>Cirkulationssystemet i den m\u00e4nskliga kroppen \u00e4r ett slutet system och best\u00e5r av arteriella, ven\u00f6sa och lymfatiska delar. Oavsett var fl\u00f6deshinder upptr\u00e4der, st\u00e4lls kroppens styrsystem inf\u00f6r avsev\u00e4rda problem. CNM-massagen har nycklar f\u00f6r att \u00f6ppna upp och stimulera fl\u00f6det, men kan heller inte f\u00f6rhindra \u00e5terfall i vardagen.<\/p>\n<p><strong>Stimulerar till avslappning<\/strong><\/p>\n<p>CNM massage ska helst ges som helkroppsmassage (ca 1\u00bd &#8211; 2 timmar). Den l\u00e5nga behandlingstiden p\u00e5verkar kroppens endokrina k\u00f6rtlar, med produktion av lugnande hormoner och sm\u00e4rtstillande endorfiner som f\u00f6ljd. Kontroll av diafragmaandningen, med hj\u00e4lp av \u201d<strong>leverpumpen<\/strong>\u201d, l\u00e4gger s\u00e5ledes grunden f\u00f6r ett normalt andningsm\u00f6nster som p\u00e5 sikt resulterar i l\u00e4gre stressniv\u00e5.<\/p>\n<p><strong>Avgiftningsstimulans<\/strong><\/p>\n<p>Genom att \u00f6ppna upp cirkulationen till och fr\u00e5n organ och v\u00e4vnader, f\u00f6rb\u00e4ttrar CNM-massage grundl\u00e4ggande f\u00f6ruts\u00e4ttningar f\u00f6r effektivare funktion av kroppens avgiftningssystem. Tillst\u00e5ndet kan upplevas mycket starkt som \u201df\u00f6rstag\u00e5ngsbesv\u00e4r\u201d efter behandlingen. Under f\u00f6ruts\u00e4ttning att terapeuten kommunicerar ut detta budskap till sin aktivent, leder reaktionen till f\u00f6rst\u00e5else f\u00f6r processen och snabbare \u00e5terh\u00e4mtning och v\u00e4lbefinnande.<\/p>\n<p><strong>Medvetenhet om kompensationer<\/strong><\/p>\n<p>Under en CNM-behandling f\u00f6rmedlar aktiventens kropp m\u00e4ngder med viktiga fakta, f\u00f6r att kunna f\u00f6rst\u00e5 uppkomsten av problemst\u00e4llningar. P\u00e5 n\u00e4sta sida, bilden av \u201dBenjamin\u201d, visas en sammanst\u00e4llning av terapeutiska erfarenheter som ber\u00f6r kroppsliga f\u00f6r\u00e4ndringar. Det kan vara hudens beskaffenhet, hullets konsistens, fl\u00f6deshinder i ven\u00f6sa k\u00e4rl eller lymfstas i utsatta omr\u00e5den. Kompensationer som kroppen tvingades etablera f\u00f6r \u00f6verlevnadens skull, i en utdragen belastningssituation (l\u00e5ngvarig stress).<\/p>\n<h3>Tankef\u00e4ltstr\u00e4ning \u2013 TFT<\/h3>\n<p>Medvetet kan styrsystemet behandla mellan 10 och 60 bits per sekund, det undermedvetna behandlar 11\u00a0200\u00a0000 bits per samma tidsenhet. Med andra ord, dina beslut och val fattas i det undermedvetna, l\u00e5ngt innan de blir medvetna. Chockartade upplevelser f\u00f6r en individ, memoreras i olika minnescentra i hj\u00e4rnan. Denna pr\u00e4gling kallar vi f\u00f6r tankem\u00f6nster, en process som kan p\u00e5g\u00e5 upp till tjugo\u00e5rs\u00e5ldern. D\u00e4refter styrs individen i enlighet med de k\u00e4nslor som en \u00e5terupplevd h\u00e4ndelse genererar. N\u00e4r ett tankem\u00f6nster har spelat ut sin roll, avvecklas det med hj\u00e4lp av dr\u00f6mmen. TFT \u00e4r ett av s\u00e4tten att kommunicera med det undermedvetna och hj\u00e4lpa kroppen att fokusera p\u00e5 de delar av den ursprung-liga upplevelsen som \u00e4nd\u00e5 \u00e4r positiva.<\/p>\n<h3>Zonterapi (Reflexologi)<\/h3>\n<p>CNM massagen har l\u00e5nat vissa drag av Zonterapins s\u00e4rdrag \u2013 att \u00f6ppna upp fl\u00f6det till och fr\u00e5n ett \u201dstasat\u201d omr\u00e5de. Undertecknad anv\u00e4nder zonterapi mestadels som diagnostiskt instrument under massagen, f\u00f6r att f\u00e5 en bekr\u00e4ftelse p\u00e5 de iakttagelser som kroppen redan f\u00f6rmedlat p\u00e5 annat s\u00e4tt. Vetenskapen kan till dags dato, \u00e4nnu inte bevisa p\u00e5 vilket s\u00e4tt ett organ p\u00e5verkas av behandlingen. Det \u00e4r dock fullt m\u00f6jligt att m\u00e4ta f\u00f6r\u00e4ndringar i det behandlade organet som f\u00f6rmedlas till hj\u00e4rnan.<\/p>\n<h3>\u00a0Biologisk l\u00e4kekonst<\/h3>\n<p>\u00c4r inget annat \u00e4n till\u00e4mpningen av gammal kunskap (vetskap) p\u00e5 ett naturligt s\u00e4tt. Utvecklat av Kurt Sandvik (pH-balans) som efter 45 \u00e5rs skolmedicinsk v\u00e5rd, botat sig sj\u00e4lv fr\u00e5n allehanda kroniska tillst\u00e5nd, med hj\u00e4lp av naturmetoder. Tarmh\u00e4lsa och syra-basbalansen \u00e4r grundl\u00e4ggande pusselbitar, f\u00f6r att beh\u00e5lla eller \u00e5terf\u00e5 en balanserad h\u00e4lsa. Undertecknad har sj\u00e4lv f\u00f6ljt hans r\u00e5d under 20 \u00e5r och \u00e4r helt \u00f6vertygad om att s\u00e5 enkla, regelbundna vanor, hj\u00e4lpt till med eller stimulerar till en fortsatt god h\u00e4lsa.<\/p>\n<h3>\u00a0Till\u00e4mpad Kinesiologi<\/h3>\n<p>Handlar grundl\u00e4ggande om en god kroppsh\u00e5llning och metoder att uppm\u00e4rksamma avvikelser. Muskeltester \u00e4r verktyget att fr\u00e5ga kroppen om olika f\u00f6rh\u00e5llanden. Detta kan vara diet\u00e4ra f\u00f6ruts\u00e4ttningar, hantering av allergiska problem och justering av obalanser i st\u00f6rsta allm\u00e4nhet. Undertecknad anv\u00e4nder metoden som komplement till CNM massage, fr\u00e4mst f\u00f6r att f\u00f6rst\u00e5 symtoms\u00e4ttningar, vars orsaker man inte kan lista ut eller p\u00e5verka p\u00e5 annat s\u00e4tt.<\/p>\n<h3>\u00a0TCM, Traditional Chinese Medicin<\/h3>\n<p>TCM i sin ursprungliga form praktiseras i Kina parallellt med v\u00e4sterl\u00e4ndsk medicin. Den sistn\u00e4mnda har syntetiska, oftast mycket snabbverkande, kemiska medel. Alla vill bli av med obehaget snabbast m\u00f6jligt, utan att sj\u00e4lva beh\u00f6va g\u00f6ra n\u00e5gon f\u00f6r\u00e4ndring. Kinesen \u00e4r inte annorlunda \u00e4n svensken! Det vi kan se nuf\u00f6rtiden, \u00e4r att skolmedicinens snabbverkande undermedel, skapar i f\u00f6rl\u00e4ngningen nya och allvarligare problem f\u00f6r kroppen. Man behandlar symtom, men inte orsaker. Vi t\u00e4nker idag TCM i v\u00e5ra behandlingar och har valt ut vissa behandlingsmetoder som f\u00f6rst\u00e4rkning av CNM.<\/p>\n<h3>\u00a0Akupressur<\/h3>\n<p>V\u00e5r \u00f6vergripande policy att behandla m\u00e4nniskor, bygger p\u00e5 mottot \u201datt inte skada\u201d. D\u00e4rf\u00f6r v\u00e4ljer vi enbart metoder som garanterat inte kan skada. N\u00e4mnd akupressur skiljer sig fr\u00e5n akupunktur genom att man inte sticker med n\u00e5lar och inte st\u00e4ller den i akupunkturen obligatoriska diagnosen. Akupressur kombineras i CNM-metoden p\u00e5 s\u00e5 s\u00e4tt, att besv\u00e4rande sm\u00e4rttillst\u00e5nd bearbetas efter halva massagebehandlingen.<\/p>\n<p>Vi tillhandah\u00e5ller en \u201dreceptbok\u201d, med beskrivningar av olika punktsekvenser f\u00f6r vissa obalanser. Kan omedelbart, efter utbildning, anv\u00e4ndas p\u00e5 n\u00e4ra och k\u00e4ra eller av aktiventer i egenv\u00e5rdsbehandlingar.<\/p>\n<h3>\u00a0Nutrition och \u00e4mnesoms\u00e4ttning<\/h3>\n<p>Att f\u00f6rst\u00e5 sin \u00e4mnesoms\u00e4ttning och d\u00e4rtill relaterade obalanser, \u00e4r en f\u00f6ruts\u00e4ttning f\u00f6r relevanta \u00e5tg\u00e4rder. Det finns inga genv\u00e4gar till en god tarmh\u00e4lsa och d\u00e4rmed ett optimalt n\u00e4ringsupptag. Troligtvis finns det inga \u00e5kommor, d\u00e4r tarmproblem inte \u00e4r inblandade. Stressen vi \u00e4r utsatta f\u00f6r dagligen, under l\u00e5ng tid, st\u00e4nger av matsm\u00e4ltningen och d\u00e4rmed n\u00e4ringsupptaget. Stressen f\u00f6rbrukar on\u00f6digt mycket av n\u00e4rings\u00e4mnen som \u00e4r essentiella f\u00f6r kroppen (kan inte tillverkas sj\u00e4lv och m\u00e5ste tillf\u00f6ras med kosten). F\u00f6rr eller senare s\u00e4ger kroppen ifr\u00e5n, med hj\u00e4lp av ov\u00e4ntade symtom som oftast medicineras vart och ett f\u00f6r sig. Detta kan skapa nya och f\u00f6rv\u00e4rrade problem efter ett tag. Att f\u00f6rlita sig p\u00e5 tips i h\u00e4lsotidningar, \u00e4r heller inte ekonomiskt f\u00f6rsvarbart \u2013 vi \u00e4r alla individer och m\u00e5ste \u00e4ven ur h\u00e4lsosynpunkt behandlas som s\u00e5dana.<\/p>\n","protected":false},"excerpt":{"rendered":"<p>CNM massage Cirkulations- och nervbanemassage \u00e4r en mycket kraftfull behandling, vars verkan kan sammanfattas i f\u00f6ljande punkter: \u00d6ppnar upp cirkulationssp\u00e4rrar Cirkulationssystemet i den m\u00e4nskliga kroppen \u00e4r ett slutet system och [&hellip;]<\/p>\n","protected":false},"author":1,"featured_media":0,"parent":0,"menu_order":0,"comment_status":"open","ping_status":"open","template":"","meta":{"jetpack_post_was_ever_published":false,"footnotes":""},"class_list":["post-12","page","type-page","status-publish","hentry"],"jetpack_sharing_enabled":true,"jetpack_shortlink":"https:\/\/wp.me\/P3SE73-c","_links":{"self":[{"href":"https:\/\/cnmmassage.se\/index.php?rest_route=\/wp\/v2\/pages\/12","targetHints":{"allow":["GET"]}}],"collection":[{"href":"https:\/\/cnmmassage.se\/index.php?rest_route=\/wp\/v2\/pages"}],"about":[{"href":"https:\/\/cnmmassage.se\/index.php?rest_route=\/wp\/v2\/types\/page"}],"author":[{"embeddable":true,"href":"https:\/\/cnmmassage.se\/index.php?rest_route=\/wp\/v2\/users\/1"}],"replies":[{"embeddable":true,"href":"https:\/\/cnmmassage.se\/index.php?rest_route=%2Fwp%2Fv2%2Fcomments&post=12"}],"version-history":[{"count":10,"href":"https:\/\/cnmmassage.se\/index.php?rest_route=\/wp\/v2\/pages\/12\/revisions"}],"predecessor-version":[{"id":4737,"href":"https:\/\/cnmmassage.se\/index.php?rest_route=\/wp\/v2\/pages\/12\/revisions\/4737"}],"wp:attachment":[{"href":"https:\/\/cnmmassage.se\/index.php?rest_route=%2Fwp%2Fv2%2Fmedia&parent=12"}],"curies":[{"name":"wp","href":"https:\/\/api.w.org\/{rel}","templated":true}]}}