{"id":10,"date":"2013-09-04T12:58:59","date_gmt":"2013-09-04T12:58:59","guid":{"rendered":"http:\/\/cnmmassage.se\/?page_id=10"},"modified":"2025-01-06T10:23:07","modified_gmt":"2025-01-06T10:23:07","slug":"hem","status":"publish","type":"page","link":"https:\/\/cnmmassage.se\/","title":{"rendered":"CNM Massage &#8211; en effektiv behandling"},"content":{"rendered":"<p><a href=\"https:\/\/i0.wp.com\/cnmmassage.se\/wp-content\/uploads\/2013\/09\/Hans-lieque.jpg\"><img data-recalc-dims=\"1\" loading=\"lazy\" decoding=\"async\" class=\"size-medium wp-image-37 alignleft\" style=\"margin: 10px;\" src=\"https:\/\/i0.wp.com\/cnmmassage.se\/wp-content\/uploads\/2013\/09\/Hans-lieque-224x300.jpg?resize=224%2C300\" alt=\"Hans lieque\" width=\"224\" height=\"300\" srcset=\"https:\/\/i0.wp.com\/cnmmassage.se\/wp-content\/uploads\/2013\/09\/Hans-lieque.jpg?resize=224%2C300&amp;ssl=1 224w, https:\/\/i0.wp.com\/cnmmassage.se\/wp-content\/uploads\/2013\/09\/Hans-lieque.jpg?resize=768%2C1024&amp;ssl=1 768w, https:\/\/i0.wp.com\/cnmmassage.se\/wp-content\/uploads\/2013\/09\/Hans-lieque.jpg?resize=41%2C55&amp;ssl=1 41w, https:\/\/i0.wp.com\/cnmmassage.se\/wp-content\/uploads\/2013\/09\/Hans-lieque.jpg?w=1704&amp;ssl=1 1704w\" sizes=\"auto, (max-width: 224px) 100vw, 224px\" \/><\/a><strong>Massage \u00e4r friskv\u00e5rd!<\/strong><\/p>\n<p>CNM-massage &#8211; Cirkulations- och Nervbanemassage &#8211; utg\u00f6r en optimal behandling av blockeringar i kroppens cirkulationssystem. Utm\u00e4rkande f\u00f6r metoden \u00e4r att man arbetar i &#8221;<strong>mellanrummen<\/strong>&#8221;, d\u00e4r k\u00e4rl och nerver \u00e4r f\u00f6r-lagda. En krampande muskel \u00e5terf\u00e5r sin funktionsf\u00f6rm\u00e5ga, n\u00e4r fl\u00f6det \u00e4r \u00e5terst\u00e4llt, syres\u00e4ttningen fungerar, likas\u00e5 n\u00e4ringstillf\u00f6rsel och avgiftning.<\/p>\n<p>Skolan och kliniken drivs av Hans Kurzl. Hans har arbetat som natur-terapeut sedan 1994. Metoden utvecklades i b\u00f6rjan av 90-talet av Maj-Lis Skarp och har idag f\u00f6rst\u00e4rkts av det b\u00e4sta fr\u00e5n andra terapier.Till exempel med reflexologi, akupressur, tankef\u00e4ltstr\u00e4ning med flera. Idag \u00e4r CNM-Massage en behandlingsform som \u00e4r godk\u00e4nd av Svenska Friskv\u00e5rdsf\u00f6rbundet. Som f\u00e4rdigutbildad terapeut kan du bli medlem i F\u00f6rbundet och kvalitetss\u00e4kra\u00a0\u00a0dig kostnadsfritt p\u00e5 n\u00e4tet..<\/p>\n<p>Utbildningen sker via v\u00e5r studiehemsida d\u00e4r du l\u00e4ser samtliga kursmoduler och genomf\u00f6r teoretiska tester samt sluttentamen. <strong>Yrkesutbildningen till CNM-mass\u00f6r<\/strong> sker med hj\u00e4lp av fyra steg under ett \u00e5rs tid, med tv\u00e5 fysiska tr\u00e4ffar i Trollh\u00e4ttan. Intagning tv\u00e5 g\u00e5nger per \u00e5r &#8211; v\u00e5r och h\u00f6st. <strong>CNM Intensiv\u00a0<\/strong>har tagits fram f\u00f6r redan arbetande terapeuter och kan l\u00e4sas in under ett halvt \u00e5rs tid. Intagningen \u00e4r l\u00f6pande.<\/p>\n<p>Som elevmedlem f\u00e5r du ett kostnadsfritt medlemskap under 1 \u00e5rs tid som \u00e4ven inkluderar en bahandlingsskade- och ansvarsf\u00f6rs\u00e4kring utan kostnad, en s\u00e4kerhet under din inl\u00e4rningsperiod.\u00a0 Sj\u00e4lvklart kan de teckna en f\u00f6rm\u00e5nlig f\u00f6rs\u00e4kring som ordinarie medlem efter dina studier.<\/p>\n<p>L\u00e4s mer h\u00e4r p\u00e5 hemsidan, ladda hem ett prospekt och anm\u00e4l dig.<\/p>\n<p><strong>\u00c4nnu en g\u00e5ng \u2013 v\u00e4lkommen till CNM Massage i Trollh\u00e4ttan<\/strong><\/p>\n","protected":false},"excerpt":{"rendered":"<p>Massage \u00e4r friskv\u00e5rd! CNM-massage &#8211; Cirkulations- och Nervbanemassage &#8211; utg\u00f6r en optimal behandling av blockeringar i kroppens cirkulationssystem. Utm\u00e4rkande f\u00f6r metoden \u00e4r att man arbetar i &#8221;mellanrummen&#8221;, d\u00e4r k\u00e4rl och [&hellip;]<\/p>\n","protected":false},"author":1,"featured_media":0,"parent":0,"menu_order":0,"comment_status":"closed","ping_status":"open","template":"","meta":{"jetpack_post_was_ever_published":false,"footnotes":""},"class_list":["post-10","page","type-page","status-publish","hentry"],"jetpack_sharing_enabled":true,"jetpack_shortlink":"https:\/\/wp.me\/P3SE73-a","_links":{"self":[{"href":"https:\/\/cnmmassage.se\/index.php?rest_route=\/wp\/v2\/pages\/10","targetHints":{"allow":["GET"]}}],"collection":[{"href":"https:\/\/cnmmassage.se\/index.php?rest_route=\/wp\/v2\/pages"}],"about":[{"href":"https:\/\/cnmmassage.se\/index.php?rest_route=\/wp\/v2\/types\/page"}],"author":[{"embeddable":true,"href":"https:\/\/cnmmassage.se\/index.php?rest_route=\/wp\/v2\/users\/1"}],"replies":[{"embeddable":true,"href":"https:\/\/cnmmassage.se\/index.php?rest_route=%2Fwp%2Fv2%2Fcomments&post=10"}],"version-history":[{"count":18,"href":"https:\/\/cnmmassage.se\/index.php?rest_route=\/wp\/v2\/pages\/10\/revisions"}],"predecessor-version":[{"id":4743,"href":"https:\/\/cnmmassage.se\/index.php?rest_route=\/wp\/v2\/pages\/10\/revisions\/4743"}],"wp:attachment":[{"href":"https:\/\/cnmmassage.se\/index.php?rest_route=%2Fwp%2Fv2%2Fmedia&parent=10"}],"curies":[{"name":"wp","href":"https:\/\/api.w.org\/{rel}","templated":true}]}}